{"id":100,"date":"2017-01-05T20:04:16","date_gmt":"2017-01-05T20:04:16","guid":{"rendered":"https:\/\/dynacor6258.live-website.com\/?page_id=100"},"modified":"2025-12-04T16:24:40","modified_gmt":"2025-12-04T21:24:40","slug":"directors","status":"publish","type":"page","link":"https:\/\/dynacor.com\/en\/directors\/","title":{"rendered":"Directors"},"content":{"rendered":"<div class=\"wpb-content-wrapper\">[vc_row][vc_column width=&#8221;1\/2&#8243;]    <div class=\"vc-readmore-box\">\n                    <img decoding=\"async\" src=\"https:\/\/dynacor.com\/wp-content\/uploads\/2025\/05\/jean_martineau_cr3-1024x1024.png\" class=\"vc-rmb-image\" \/>\n                <h3 class=\"vc-rmb-title\">Jean Martineau<\/h3>\n        <h4 class=\"vc-rmb-subtitle\">President &amp; CEO<\/h4>\n        <div class=\"vc-rmb-content\">\n            \t\t\t<div>\t\t\t\t\t\n\t\t\t\t<span class=\"vc-rmb-preview\">\n\t\t\t\t\tJean Martineau is a seasoned industrial veteran with extensive leadership experience in the North and Latin American industrial, mining and investment sectors. Through his stewardship of Dynacor, Jean has made foundational contributions to the formalization of...\n\t\t\t\t<\/span>\n\t\t\t\t<span class=\"vc-rmb-extra\">\n\t\t\t\t\t<p>Jean Martineau is a seasoned industrial veteran with extensive leadership experience in the North and Latin American industrial, mining and investment sectors. Through his stewardship of Dynacor, Jean has made foundational contributions to the formalization of the artisanal gold mining industry in Peru, helping the government increase governance of the sector and improving miner livelihoods through fair pricing, transparent dealing, and traceable measures. During his 18-year tenure, Dynacor has posted 14 years of consecutive profit, over a decade of top-line and operating cash flow growth, and ranked on the TSX30 as a top-performing stock.<\/p>\n<p>Mr. Martineau studied science at Universit\u00e9 du Qu\u00e9bec. He has years of governance experience as director of public corporations including at Argex Titanium, Wesdome Gold Mines and TomaGold Corp. Currently, he is a director of Fidamar, a Peruvian foundation and of GEIF (Global Ecosystem Impact Foundation), a Swiss foundation.<\/p>\n\t\t\t\t<\/span>\n\t\t\t<\/div>\n           <button class=\"vc-rmb-toggle\" data-read-more=\"Read more&nbsp;&lt;span class=&#039;vc_icon_element-icon fas fa-arrow-down&#039;&gt;&lt;\/span&gt;\" data-show-less=\"Show less&nbsp;&lt;span class=&#039;vc_icon_element-icon fas fa-arrow-up&#039;&gt;&lt;\/span&gt;\">\n\t\t\t\tRead more&nbsp;<span class='vc_icon_element-icon fas fa-arrow-down'><\/span>\t\t\t<\/button>\n        <\/div>\n    <\/div>\n        <div class=\"vc-readmore-box\">\n                    <img decoding=\"async\" src=\"https:\/\/dynacor.com\/wp-content\/uploads\/2025\/05\/pierre_beliveau_cr-1024x1024.png\" class=\"vc-rmb-image\" \/>\n                <h3 class=\"vc-rmb-title\">Pierre B\u00e9liveau<\/h3>\n        <h4 class=\"vc-rmb-subtitle\">CHAIR OF AUDIT AND RISK MANAGEMENT COMMITTEE<\/h4>\n        <div class=\"vc-rmb-content\">\n            \t\t\t<div>\t\t\t\t\t\n\t\t\t\t<span class=\"vc-rmb-preview\">\n\t\t\t\t\tPierre B\u00e9liveau brings over 35 years\u2019 business leadership experience, built over a career which has included corporate and operational senior finance roles with publicly traded mining companies operating internationally. At IAMGOLD, he helped start up two gold mines...\n\t\t\t\t<\/span>\n\t\t\t\t<span class=\"vc-rmb-extra\">\n\t\t\t\t\t<p>Pierre B\u00e9liveau brings over 35 years\u2019 business leadership experience, built over a career which has included corporate and operational senior finance roles with publicly traded mining companies operating internationally. At IAMGOLD, he helped start up two gold mines in challenging jurisdictions in West Africa and Latin America, oversaw the company\u2019s financial reporting process and teams, and implemented a governance department. His IAMGOLD career is enriched by over 10 years of expatriate assignments in West Africa and a three-year mandate in Suriname. A passionate advocate of operational efficiency, Pierre has transformed projects and operations through his leadership of ERP system implementation and Lean Six Sigma certification.<\/p>\n<p>Mr. B\u00e9liveau began his career at PWC (formerly PW) where he also worked with clients in the mining industry. Previously, he sat on the committee of IAMGOLD Essakane, a subsidiary board, between 2016 and 2019. He holds a B.A.A. in accounting from Universit\u00e9 du Qu\u00e9bec \u00e0 Montreal, and has been a member of the Order of Chartered Professional Accountants of Qu\u00e9bec since 1988.<\/p>\n\t\t\t\t<\/span>\n\t\t\t<\/div>\n           <button class=\"vc-rmb-toggle\" data-read-more=\"Read more&nbsp;&lt;span class=&#039;vc_icon_element-icon fas fa-arrow-down&#039;&gt;&lt;\/span&gt;\" data-show-less=\"Show less&nbsp;&lt;span class=&#039;vc_icon_element-icon fas fa-arrow-up&#039;&gt;&lt;\/span&gt;\">\n\t\t\t\tRead more&nbsp;<span class='vc_icon_element-icon fas fa-arrow-down'><\/span>\t\t\t<\/button>\n        <\/div>\n    <\/div>\n        <div class=\"vc-readmore-box\">\n                    <img decoding=\"async\" src=\"https:\/\/dynacor.com\/wp-content\/uploads\/2025\/05\/isabelle_rocha_cr2-1024x1024.png\" class=\"vc-rmb-image\" \/>\n                <h3 class=\"vc-rmb-title\">Isabel Rocha<\/h3>\n        <h4 class=\"vc-rmb-subtitle\">Chair of Environment and Social Responsibility Committee<\/h4>\n        <div class=\"vc-rmb-content\">\n            \t\t\t<div>\t\t\t\t\t\n\t\t\t\t<span class=\"vc-rmb-preview\">\n\t\t\t\t\tIsabel Rocha is a senior sustainability professional with over 40 years of international experience within the chemical, clean technologies, engineering and manufacturing industries. As environmental consultant and in previous roles, Ms. Rocha excels at...\n\t\t\t\t<\/span>\n\t\t\t\t<span class=\"vc-rmb-extra\">\n\t\t\t\t\t<ul>\n<li><\/li>\n<\/ul>\n<p>Isabel Rocha is a senior sustainability professional with over 40 years of international experience within the chemical, clean technologies, engineering and manufacturing industries.<\/p>\n<p>As environmental consultant and in previous roles, Ms. Rocha excels at spearheading environmental strategies and programs that identify, monitor and mitigate corporate risk. While at Gildan in Montreal, she was Corporate Environmental Director from 2006 to 2014 and most recently served as Environmental Advisor. During her tenure, she maintained environmental stewardship of all of the multinational\u2019s facilities in addition to creating and implementing the company\u2019s environmental management system.<\/p>\n<p>Prior to that, she held senior environmental roles at Genivar Inc. (now WSP Global) in Montreal and worked for some 10 years in the chemical and clean technologies sectors in Latin America.<\/p>\n<p>Isabel Rocha holds a BSc in Chemical Engineering, an MBA from Universidad de Carabobo (Venezuela), and a MSc in Environmental Sciences from Universit\u00e9 du Qu\u00e9bec \u00e0 Montr\u00e9al.<\/p>\n\t\t\t\t<\/span>\n\t\t\t<\/div>\n           <button class=\"vc-rmb-toggle\" data-read-more=\"Read more&nbsp;&lt;span class=&#039;vc_icon_element-icon fas fa-arrow-down&#039;&gt;&lt;\/span&gt;\" data-show-less=\"Show less&nbsp;&lt;span class=&#039;vc_icon_element-icon fas fa-arrow-up&#039;&gt;&lt;\/span&gt;\">\n\t\t\t\tRead more&nbsp;<span class='vc_icon_element-icon fas fa-arrow-down'><\/span>\t\t\t<\/button>\n        <\/div>\n    <\/div>\n        <div class=\"vc-readmore-box\">\n                    <img decoding=\"async\" src=\"https:\/\/dynacor.com\/wp-content\/uploads\/2025\/05\/rocio-rodriguez-perrot_cr2-1024x1024.png\" class=\"vc-rmb-image\" \/>\n                <h3 class=\"vc-rmb-title\">Rocio Rodriguez-Perrot<\/h3>\n        <h4 class=\"vc-rmb-subtitle\">Member of Audit and Risk Management Committee; Member of Governance, Nomination and Compensation Committee<\/h4>\n        <div class=\"vc-rmb-content\">\n            \t\t\t<div>\t\t\t\t\t\n\t\t\t\t<span class=\"vc-rmb-preview\">\n\t\t\t\t\tRocio Rodriguez-Perrot is a certified board director and an international business lawyer with over 10 years of legal advisory experience with international companies. She has been practicing with the law firm Rossello since 2013, leading legal counsel...\n\t\t\t\t<\/span>\n\t\t\t\t<span class=\"vc-rmb-extra\">\n\t\t\t\t\t<p>Rocio Rodriguez-Perrot is a certified board director and an international business lawyer with over 10 years of legal advisory experience with international companies. She has been practicing with the law firm Rossello since 2013, leading legal counsel for the foundation and development of foreign companies in Peru. Since 2016, Rocio also directs IN Group (France)\u2019s Peruvian business.<\/p>\n<p>Ms. Rodriguez-Perrot brings a strong track record in international trade, negotiation and market entry strategies from her four-year tenure as French Foreign Trade Advisor \u2013 Peru Section. Her public sector advisory experience is complemented by industry consultancy mandates at Veolia Environnement in France and at Kutxabank in Spain.<\/p>\n<p>Rocio\u2019s leadership is rooted in a strong academic background: She graduated in law from the University of Almer\u00eda (Spain) and the University of Bologna (Italy), with her qualifications validated in Peru (2013). She also earned a master\u2019s degree in management of international projects from ESCP Business School (France) and is a member of the French Institute of Board Directors (IFA).<\/p>\n\t\t\t\t<\/span>\n\t\t\t<\/div>\n           <button class=\"vc-rmb-toggle\" data-read-more=\"Read more&nbsp;&lt;span class=&#039;vc_icon_element-icon fas fa-arrow-down&#039;&gt;&lt;\/span&gt;\" data-show-less=\"Show less&nbsp;&lt;span class=&#039;vc_icon_element-icon fas fa-arrow-up&#039;&gt;&lt;\/span&gt;\">\n\t\t\t\tRead more&nbsp;<span class='vc_icon_element-icon fas fa-arrow-down'><\/span>\t\t\t<\/button>\n        <\/div>\n    <\/div>\n    [\/vc_column][vc_column width=&#8221;1\/2&#8243;]    <div class=\"vc-readmore-box\">\n                    <img decoding=\"async\" src=\"https:\/\/dynacor.com\/wp-content\/uploads\/2025\/05\/pierre_lepine_cr-1024x1024.png\" class=\"vc-rmb-image\" \/>\n                <h3 class=\"vc-rmb-title\">Pierre L\u00e9pine<\/h3>\n        <h4 class=\"vc-rmb-subtitle\">Chair of board<\/h4>\n        <div class=\"vc-rmb-content\">\n            \t\t\t<div>\t\t\t\t\t\n\t\t\t\t<span class=\"vc-rmb-preview\">\n\t\t\t\t\tPierre L\u00e9pine is a senior financial executive and entrepreneur with over 30 years of executive leadership positions in some of Canada\u2019s most prominent financial institutions. Pierre\u2019s career spans investments, corporate M&amp;A, corporate development, corporate...\n\t\t\t\t<\/span>\n\t\t\t\t<span class=\"vc-rmb-extra\">\n\t\t\t\t\t<p>Pierre L\u00e9pine is a senior financial executive and entrepreneur with over 30 years of executive leadership positions in some of Canada\u2019s most prominent financial institutions. Pierre\u2019s career spans investments, corporate M&amp;A, corporate development, corporate finance, and international expansion and includes over a hundred deals across five continents.<\/p>\n<p>Mr. L\u00e9pine held senior executive and directorship roles with large-scale corporations such as Caisse de d\u00e9p\u00f4t et placement du Qu\u00e9bec (CDPQ), GL&amp;V Inc., National Bank Financial, Price Waterhouse, and Groupe ABP. Since 1987, he has guided the extraordinary growth trajectory of Groupe ABP, which he co-founded, which is now the leading high-end event agency in eastern Canada.<\/p>\n<p>Mr. L\u00e9pine earned a degree in business administration, is a member of the Order of the Chartered Professional Accountants and holds the ICD.D designation granted by the Institute of Corporate Directors. Mr. L\u00e9pine has served as director of TSX.V-listed TomaGold Corporation and sat on the committee of several Canadian non-profit organizations.<\/p>\n\t\t\t\t<\/span>\n\t\t\t<\/div>\n           <button class=\"vc-rmb-toggle\" data-read-more=\"Read more&nbsp;&lt;span class=&#039;vc_icon_element-icon fas fa-arrow-down&#039;&gt;&lt;\/span&gt;\" data-show-less=\"Show less&nbsp;&lt;span class=&#039;vc_icon_element-icon fas fa-arrow-up&#039;&gt;&lt;\/span&gt;\">\n\t\t\t\tRead more&nbsp;<span class='vc_icon_element-icon fas fa-arrow-down'><\/span>\t\t\t<\/button>\n        <\/div>\n    <\/div>\n        <div class=\"vc-readmore-box\">\n                    <img decoding=\"async\" src=\"https:\/\/dynacor.com\/wp-content\/uploads\/2025\/05\/rejean_gourde_cr-1024x1024.png\" class=\"vc-rmb-image\" \/>\n                <h3 class=\"vc-rmb-title\">R\u00e9jean Gourde<\/h3>\n        <h4 class=\"vc-rmb-subtitle\">Chair of Governance, Nomination and Compensation Committee; Member of Audit and Risk Management Committee<\/h4>\n        <div class=\"vc-rmb-content\">\n            \t\t\t<div>\t\t\t\t\t\n\t\t\t\t<span class=\"vc-rmb-preview\">\n\t\t\t\t\tR\u00e9jean Gourde is a senior mining executive with a 40-year track record in mining operations, corporate development and management of intermediate gold producers. From 1994 to...\n\t\t\t\t<\/span>\n\t\t\t\t<span class=\"vc-rmb-extra\">\n\t\t\t\t\t<p>R\u00e9jean Gourde is a senior mining executive with a 40-year track record in mining operations, corporate development and management of intermediate gold producers. From 1994 to 2006, R\u00e9jean was Senior VP of the Guiana Shield Division at Cambior Inc. (now IAMGOLD) and was responsible for the operations of the Omai Gold Mines in Guyana and Rosebel Gold Mines in Suriname. From 2007, Mr Gourde worked as a mining consultant on mining projects such as IAMGOLD\u2019s Essakane and Bombor\u00e9 projects in West Africa, and other projects in Guyana and Peru.<\/p>\n<p>He was President and CEO of Reunion Gold Corporation from 2017 until his retirement in 2021.<\/p>\n<p>Mr. Gourde serves on the board of G Mining Ventures and previously was director of Radisson Mining Resources. He earned a degree in mine engineering from Polytechnique Montreal and is a registered Professional Engineer in Quebec.<\/p>\n\t\t\t\t<\/span>\n\t\t\t<\/div>\n           <button class=\"vc-rmb-toggle\" data-read-more=\"Read more&nbsp;&lt;span class=&#039;vc_icon_element-icon fas fa-arrow-down&#039;&gt;&lt;\/span&gt;\" data-show-less=\"Show less&nbsp;&lt;span class=&#039;vc_icon_element-icon fas fa-arrow-up&#039;&gt;&lt;\/span&gt;\">\n\t\t\t\tRead more&nbsp;<span class='vc_icon_element-icon fas fa-arrow-down'><\/span>\t\t\t<\/button>\n        <\/div>\n    <\/div>\n        <div class=\"vc-readmore-box\">\n                    <img decoding=\"async\" src=\"https:\/\/dynacor.com\/wp-content\/uploads\/2025\/05\/philippe_chave_cr.pptx-1024x1024.png\" class=\"vc-rmb-image\" \/>\n                <h3 class=\"vc-rmb-title\">Philippe Chave<\/h3>\n        <h4 class=\"vc-rmb-subtitle\">Chair of IT and R&amp;D Committee; Member of Environment and Social Responsibility Committee<\/h4>\n        <div class=\"vc-rmb-content\">\n            \t\t\t<div>\t\t\t\t\t\n\t\t\t\t<span class=\"vc-rmb-preview\">\n\t\t\t\t\tPhilippe Chave is a microtechnology engineer and international businessman with over 25 years of experience developing strategic partnerships for innovative metallurgical solutions globally....\n\t\t\t\t<\/span>\n\t\t\t\t<span class=\"vc-rmb-extra\">\n\t\t\t\t\t<p>Philippe Chave is a microtechnology engineer and international businessman with over 25 years of experience developing strategic partnerships for innovative metallurgical solutions globally. Philippe currently serves as co-CEO of Swiss-based PX Group SA, a global conglomerate specialized in precious and non-precious metals processing.<\/p>\n<p>Over his 20-year career with PX Group, Philippe has guided its evolution into a global player in the field of impact gold sourcing, traceable precious metal scrap and exclusive metal-processing development. Notably, Mr. Chave has expertise in chain-of-custody and audit systems that combine unprecedented levels of market traceability and transparency with positive impacts on all stakeholders in the value chain of complex ecosystems.<\/p>\n<p>Mr. Chave holds a microtechnology engineering degree from Haute \u00c9cole d\u2019Ing\u00e9nierie et de Gestion du Canton de Vaud in Switzerland. He currently sits on the committees of PX Group, COLEARNIS SA., ASFCMP (Swiss Association of Manufacturers and Traders in Precious Metals), and Fidamar, a Peruvian foundation.<\/p>\n\t\t\t\t<\/span>\n\t\t\t<\/div>\n           <button class=\"vc-rmb-toggle\" data-read-more=\"Read more&nbsp;&lt;span class=&#039;vc_icon_element-icon fas fa-arrow-down&#039;&gt;&lt;\/span&gt;\" data-show-less=\"Show less&nbsp;&lt;span class=&#039;vc_icon_element-icon fas fa-arrow-up&#039;&gt;&lt;\/span&gt;\">\n\t\t\t\tRead more&nbsp;<span class='vc_icon_element-icon fas fa-arrow-down'><\/span>\t\t\t<\/button>\n        <\/div>\n    <\/div>\n        <div class=\"vc-readmore-box\">\n                    <img decoding=\"async\" src=\"https:\/\/dynacor.com\/wp-content\/uploads\/2025\/05\/cyril_gradis_cr-1024x1024.png\" class=\"vc-rmb-image\" \/>\n                <h3 class=\"vc-rmb-title\">Cyril Gradis<\/h3>\n        <h4 class=\"vc-rmb-subtitle\">Member of IT and R&amp;D Committee; Member of Governance, Nomination and Compensation Committe<\/h4>\n        <div class=\"vc-rmb-content\">\n            \t\t\t<div>\t\t\t\t\t\n\t\t\t\t<span class=\"vc-rmb-preview\">\n\t\t\t\t\tCyril Gradis is a lawyer and investor with over 10 years of experience in business law, M&amp;A, capital markets, sustainable investing, and private equity financing, primarily within premier European financial institutions. Mr. Gradis began his career as an attorney-at-law in...\n\t\t\t\t<\/span>\n\t\t\t\t<span class=\"vc-rmb-extra\">\n\t\t\t\t\t<p>Cyril Gradis is a lawyer and investor with over 10 years of experience in business law, M&amp;A, capital markets, sustainable investing, and private equity financing, primarily within premier European financial institutions.<\/p>\n<p>Mr. Gradis began his career as an attorney-at-law in the corporate\/M&amp;A department of Lenz &amp; Staehelin in Geneva before moving to investment banking at Rothschild &amp; Co in Paris, and later to private equity at Partners Group in London and Zurich. Cyril is currently a Managing Director at Harpe, a private investment office based in Luxembourg.<\/p>\n<p>Since 2013, Cyril has also acted as director of an impact investment company active in Latin America and Africa. He also sat on the board of Traditions for Tomorrow, an international non-governmental organization focused on strengthening the cultural heritage of indigenous communities of Latin America, particularly in Southern Peru.<\/p>\n<p>Mr. Gradis is a graduate from the law schools of Fribourg (Switzerland) and Heidelberg (Germany). He also holds an MBA from Columbia University with a concentration in finance and investments.<\/p>\n\t\t\t\t<\/span>\n\t\t\t<\/div>\n           <button class=\"vc-rmb-toggle\" data-read-more=\"Read more&nbsp;&lt;span class=&#039;vc_icon_element-icon fas fa-arrow-down&#039;&gt;&lt;\/span&gt;\" data-show-less=\"Show less&nbsp;&lt;span class=&#039;vc_icon_element-icon fas fa-arrow-up&#039;&gt;&lt;\/span&gt;\">\n\t\t\t\tRead more&nbsp;<span class='vc_icon_element-icon fas fa-arrow-down'><\/span>\t\t\t<\/button>\n        <\/div>\n    <\/div>\n    [\/vc_column][\/vc_row]\n<\/div>","protected":false},"excerpt":{"rendered":"<p>[vc_row][vc_column width=&#8221;1\/2&#8243;][\/vc_column][vc_column width=&#8221;1\/2&#8243;][\/vc_column][\/vc_row]<\/p>\n","protected":false},"author":1,"featured_media":0,"parent":0,"menu_order":0,"comment_status":"closed","ping_status":"closed","template":"","meta":{"footnotes":""},"class_list":["post-100","page","type-page","status-publish","hentry"],"_links":{"self":[{"href":"https:\/\/dynacor.com\/en\/wp-json\/wp\/v2\/pages\/100","targetHints":{"allow":["GET"]}}],"collection":[{"href":"https:\/\/dynacor.com\/en\/wp-json\/wp\/v2\/pages"}],"about":[{"href":"https:\/\/dynacor.com\/en\/wp-json\/wp\/v2\/types\/page"}],"author":[{"embeddable":true,"href":"https:\/\/dynacor.com\/en\/wp-json\/wp\/v2\/users\/1"}],"replies":[{"embeddable":true,"href":"https:\/\/dynacor.com\/en\/wp-json\/wp\/v2\/comments?post=100"}],"version-history":[{"count":27,"href":"https:\/\/dynacor.com\/en\/wp-json\/wp\/v2\/pages\/100\/revisions"}],"predecessor-version":[{"id":12060,"href":"https:\/\/dynacor.com\/en\/wp-json\/wp\/v2\/pages\/100\/revisions\/12060"}],"wp:attachment":[{"href":"https:\/\/dynacor.com\/en\/wp-json\/wp\/v2\/media?parent=100"}],"curies":[{"name":"wp","href":"https:\/\/api.w.org\/{rel}","templated":true}]}}