{"id":6241,"date":"2018-06-14T16:01:33","date_gmt":"2018-06-14T20:01:33","guid":{"rendered":"http:\/\/dynacor.com\/?page_id=6241"},"modified":"2025-11-07T08:57:10","modified_gmt":"2025-11-07T13:57:10","slug":"test2","status":"publish","type":"page","link":"https:\/\/dynacor.com\/en\/test2\/","title":{"rendered":"test2"},"content":{"rendered":"<div class=\"wpb-content-wrapper\">[vc_row][vc_column width=&#8221;1\/2&#8243;]    <div class=\"vc-readmore-box\">\n                    <img decoding=\"async\" src=\"https:\/\/dynacor.com\/wp-content\/uploads\/2017\/01\/photo-coming-soon-1024x1024.png\" class=\"vc-rmb-image\" \/>\n                <h3 class=\"vc-rmb-title\">Jean Martineau<\/h3>\n        <h4 class=\"vc-rmb-subtitle\">President &amp; CEO<\/h4>\n        <div class=\"vc-rmb-content\">\n            \t\t\t<div>\t\t\t\t\t\n\t\t\t\t<span class=\"vc-rmb-preview\">\n\t\t\t\t\tJean Martineau is a seasoned industrial veteran with extensive leadership experience in the North and Latin American industrial, mining and investment sectors. Through his stewardship of Dynacor, Jean has made foundational contributions to the formalization of the artisanal gold mining industry in Peru, helping the government increase governance of the sector and improving miner livelihoods through fair pricing, transparent dealing, and traceable measures. During his 18-year tenure, Dynacor has posted...\n\t\t\t\t<\/span>\n\t\t\t\t<span class=\"vc-rmb-extra\">\n\t\t\t\t\t<p>Jean Martineau is a seasoned industrial veteran with extensive leadership experience in the North and Latin American industrial, mining and investment sectors. Through his stewardship of Dynacor, Jean has made foundational contributions to the formalization of the artisanal gold mining industry in Peru, helping the government increase governance of the sector and improving miner livelihoods through fair pricing, transparent dealing, and traceable measures. During his 18-year tenure, Dynacor has posted 14 years of consecutive profit, over a decade of top-line and operating cash flow growth, and ranked on the TSX30 as a top-performing stock.<\/p>\n<p>Mr. Martineau studied science at Universit\u00e9 du Qu\u00e9bec. He has years of governance experience as director of public corporations including at Argex Titanium, Wesdome Gold Mines and TomaGold Corp. Currently, he is a director of Fidamar, a Peruvian foundation and of GEIF (Global Ecosystem Impact Foundation), a Swiss foundation.<\/p>\n\t\t\t\t<\/span>\n\t\t\t<\/div>\n           <button class=\"vc-rmb-toggle\" data-read-more=\"Read more&nbsp;&lt;span class=&#039;vc_icon_element-icon fas fa-arrow-down&#039;&gt;&lt;\/span&gt;\" data-show-less=\"Show less&nbsp;&lt;span class=&#039;vc_icon_element-icon fas fa-arrow-up&#039;&gt;&lt;\/span&gt;\">\n\t\t\t\tRead more&nbsp;<span class='vc_icon_element-icon fas fa-arrow-down'><\/span>\t\t\t<\/button>\n        <\/div>\n    <\/div>\n    [\/vc_column][vc_column width=&#8221;1\/2&#8243;]    <div class=\"vc-readmore-box\">\n                    <img decoding=\"async\" src=\"https:\/\/dynacor.com\/wp-content\/uploads\/2025\/05\/pierre_lepine_cr-1024x1024.png\" class=\"vc-rmb-image\" \/>\n                <h3 class=\"vc-rmb-title\">Pierre L\u00e9pine<\/h3>\n        <h4 class=\"vc-rmb-subtitle\">Chair of board<\/h4>\n        <div class=\"vc-rmb-content\">\n            \t\t\t<div>\t\t\t\t\t\n\t\t\t\t<span class=\"vc-rmb-preview\">\n\t\t\t\t\tPierre L\u00e9pine is a senior financial executive and entrepreneur with over 30 years of executive leadership positions in some of Canada\u2019s most prominent financial institutions. Pierre\u2019s career spans investments, corporate M&amp;A, corporate development, corporate finance, and international expansion and includes over a hundred deals across five continents. Mr. L\u00e9pine held senior executive and directorship roles with large-scale corporations such as Caisse de d\u00e9p\u00f4t et placement du Qu\u00e9bec (CDPQ), GL&amp;V Inc.,...\n\t\t\t\t<\/span>\n\t\t\t\t<span class=\"vc-rmb-extra\">\n\t\t\t\t\t<p>Pierre L\u00e9pine is a senior financial executive and entrepreneur with over 30 years of executive leadership positions in some of Canada\u2019s most prominent financial institutions. Pierre\u2019s career spans investments, corporate M&amp;A, corporate development, corporate finance, and international expansion and includes over a hundred deals across five continents.<\/p>\n<p>Mr. L\u00e9pine held senior executive and directorship roles with large-scale corporations such as Caisse de d\u00e9p\u00f4t et placement du Qu\u00e9bec (CDPQ), GL&amp;V Inc., National Bank Financial, Price Waterhouse, and Groupe ABP. Since 1987, he has guided the extraordinary growth trajectory of Groupe ABP, which he co-founded, which is now the leading high-end event agency in eastern Canada.<\/p>\n<p>Mr. L\u00e9pine earned a degree in business administration, is a member of the Order of the Chartered Professional Accountants and holds the ICD.D designation granted by the Institute of Corporate Directors. Mr. L\u00e9pine has served as director of TSX.V-listed TomaGold Corporation and sat on the committee of several Canadian non-profit organizations.<\/p>\n\t\t\t\t<\/span>\n\t\t\t<\/div>\n           <button class=\"vc-rmb-toggle\" data-read-more=\"Read more&nbsp;&lt;span class=&#039;vc_icon_element-icon fas fa-arrow-down&#039;&gt;&lt;\/span&gt;\" data-show-less=\"Show less&nbsp;&lt;span class=&#039;vc_icon_element-icon fas fa-arrow-up&#039;&gt;&lt;\/span&gt;\">\n\t\t\t\tRead more&nbsp;<span class='vc_icon_element-icon fas fa-arrow-down'><\/span>\t\t\t<\/button>\n        <\/div>\n    <\/div>\n    [\/vc_column][\/vc_row][vc_row][vc_column][vc_column_text css=&#8221;.vc_custom_1762523828096{margin-bottom: 0px !important;}&#8221;]DNG: <span style=\"color:green;\">6.18<\/span> CAD | DIV: <span><strong>3.60<\/strong> %<\/span> | GOLD: <span style=\"color:green;\">4,749.70<\/span> |[\/vc_column_text][\/vc_column][\/vc_row]\n<\/div>","protected":false},"excerpt":{"rendered":"<p>[vc_row][vc_column width=&#8221;1\/2&#8243;][\/vc_column][vc_column width=&#8221;1\/2&#8243;][\/vc_column][\/vc_row][vc_row][vc_column][vc_column_text css=&#8221;.vc_custom_1762523828096{margin-bottom: 0px !important;}&#8221;][\/vc_column_text][\/vc_column][\/vc_row]<\/p>\n","protected":false},"author":1,"featured_media":0,"parent":0,"menu_order":0,"comment_status":"closed","ping_status":"closed","template":"","meta":{"footnotes":""},"class_list":["post-6241","page","type-page","status-publish","hentry"],"_links":{"self":[{"href":"https:\/\/dynacor.com\/en\/wp-json\/wp\/v2\/pages\/6241","targetHints":{"allow":["GET"]}}],"collection":[{"href":"https:\/\/dynacor.com\/en\/wp-json\/wp\/v2\/pages"}],"about":[{"href":"https:\/\/dynacor.com\/en\/wp-json\/wp\/v2\/types\/page"}],"author":[{"embeddable":true,"href":"https:\/\/dynacor.com\/en\/wp-json\/wp\/v2\/users\/1"}],"replies":[{"embeddable":true,"href":"https:\/\/dynacor.com\/en\/wp-json\/wp\/v2\/comments?post=6241"}],"version-history":[{"count":11,"href":"https:\/\/dynacor.com\/en\/wp-json\/wp\/v2\/pages\/6241\/revisions"}],"predecessor-version":[{"id":10930,"href":"https:\/\/dynacor.com\/en\/wp-json\/wp\/v2\/pages\/6241\/revisions\/10930"}],"wp:attachment":[{"href":"https:\/\/dynacor.com\/en\/wp-json\/wp\/v2\/media?parent=6241"}],"curies":[{"name":"wp","href":"https:\/\/api.w.org\/{rel}","templated":true}]}}