{"id":98,"date":"2017-01-05T20:04:04","date_gmt":"2017-01-05T20:04:04","guid":{"rendered":"https:\/\/dynacor6258.live-website.com\/?page_id=98"},"modified":"2026-04-08T16:05:55","modified_gmt":"2026-04-08T20:05:55","slug":"management","status":"publish","type":"page","link":"https:\/\/dynacor.com\/en\/management\/","title":{"rendered":"Management"},"content":{"rendered":"<div class=\"wpb-content-wrapper\">[vc_row][vc_column width=&#8221;1\/2&#8243;]    <div class=\"vc-readmore-box\">\n                    <img decoding=\"async\" src=\"https:\/\/dynacor.com\/wp-content\/uploads\/2025\/05\/jean_martineau_cr3-1024x1024.png\" class=\"vc-rmb-image\" \/>\n                <h3 class=\"vc-rmb-title\">Jean Martineau<\/h3>\n        <h4 class=\"vc-rmb-subtitle\">President &amp; CEO<\/h4>\n        <div class=\"vc-rmb-content\">\n            \t\t\t<div>\t\t\t\t\t\n\t\t\t\t<span class=\"vc-rmb-preview\">\n\t\t\t\t\tJean Martineau is an industrial veteran with extensive leadership experience in the North and Latin American industrial, mining and investment sectors. Through his stewardship of Dynacor, Jean has made foundational...\n\t\t\t\t<\/span>\n\t\t\t\t<span class=\"vc-rmb-extra\">\n\t\t\t\t\t<p>Jean Martineau is an industrial veteran with extensive leadership experience in the North and Latin American industrial, mining and investment sectors. Through his stewardship of Dynacor, Jean has made foundational contributions to the formalization of the artisanal gold mining industry in Peru, helping the government increase governance of the sector and improving miner livelihoods through fair pricing, transparent dealing, and traceable measures. During his 19-year tenure, Dynacor has posted 15 years of consecutive profit, over a decade of top-line and operating cash flow growth, and ranked on the TSX30 as a top-performing stock.<\/p>\n<p>Mr. Martineau studied science at Universit\u00e9 du Qu\u00e9bec. He has years of governance experience as director of public corporations including at Argex Titanium, Wesdome Gold Mines and TomaGold Corp. Currently, he is a director of Fidamar, a Peruvian foundation and of GEIF (Global Ecosystem Impact Foundation), a Swiss foundation.<\/p>\n\t\t\t\t<\/span>\n\t\t\t<\/div>\n           <button class=\"vc-rmb-toggle\" data-read-more=\"Read more&nbsp;&lt;span class=&#039;vc_icon_element-icon fas fa-arrow-down&#039;&gt;&lt;\/span&gt;\" data-show-less=\"Show less&nbsp;&lt;span class=&#039;vc_icon_element-icon fas fa-arrow-up&#039;&gt;&lt;\/span&gt;\">\n\t\t\t\tRead more&nbsp;<span class='vc_icon_element-icon fas fa-arrow-down'><\/span>\t\t\t<\/button>\n        <\/div>\n    <\/div>\n        <div class=\"vc-readmore-box\">\n                    <img decoding=\"async\" src=\"https:\/\/dynacor.com\/wp-content\/uploads\/2025\/06\/daniel_misano_cr-1-1-1024x1024.png\" class=\"vc-rmb-image\" \/>\n                <h3 class=\"vc-rmb-title\">Daniel Misiano<\/h3>\n        <h4 class=\"vc-rmb-subtitle\">Chief Operating Officer (COO)<\/h4>\n        <div class=\"vc-rmb-content\">\n            \t\t\t<div>\t\t\t\t\t\n\t\t\t\t<span class=\"vc-rmb-preview\">\n\t\t\t\t\tDaniel Misiano has over 35 years of experience in senior leadership roles within the mining services industry, with expertise spanning business development, corporate strategy, innovation and operations management. He previously...\n\t\t\t\t<\/span>\n\t\t\t\t<span class=\"vc-rmb-extra\">\n\t\t\t\t\t<p>Daniel Misiano has over 35 years of experience in senior leadership roles within the mining services industry, with expertise spanning business development, corporate strategy, innovation and operations management. He previously served as President of MBI Global where he oversaw material revenue growth through international expansion. His career includes a 10-year tenure at Atlas Copco in Canada, Africa and Europe, where he held roles such as Vice-President, Sales and Marketing and Business Development Manager. In these roles, Mr. Misiano spearheaded major projects including the successful integration of new divisions within the company and new product launches while posting record growth.<\/p>\n<p>Since joining Dynacor in 2024, Mr. Misiano has been integral to the Corporation\u2019s strategic achievements, combining his background in scaling organizations to advance Dynacor\u2019s operations and expansion strategy.<\/p>\n<p>Daniel holds an associate degree from Stockholm School of Economics. He has served on the board of 48e Nord International since 2021.<\/p>\n\t\t\t\t<\/span>\n\t\t\t<\/div>\n           <button class=\"vc-rmb-toggle\" data-read-more=\"Read more&nbsp;&lt;span class=&#039;vc_icon_element-icon fas fa-arrow-down&#039;&gt;&lt;\/span&gt;\" data-show-less=\"Show less&nbsp;&lt;span class=&#039;vc_icon_element-icon fas fa-arrow-up&#039;&gt;&lt;\/span&gt;\">\n\t\t\t\tRead more&nbsp;<span class='vc_icon_element-icon fas fa-arrow-down'><\/span>\t\t\t<\/button>\n        <\/div>\n    <\/div>\n    [\/vc_column][vc_column width=&#8221;1\/2&#8243;]    <div class=\"vc-readmore-box\">\n                    <img decoding=\"async\" src=\"https:\/\/dynacor.com\/wp-content\/uploads\/2025\/06\/stephane_lemarie_cr-1-1024x1024.png\" class=\"vc-rmb-image\" \/>\n                <h3 class=\"vc-rmb-title\">St\u00e9phane Lemari\u00e9<\/h3>\n        <h4 class=\"vc-rmb-subtitle\">CFO and Vice-President, Finance<\/h4>\n        <div class=\"vc-rmb-content\">\n            \t\t\t<div>\t\t\t\t\t\n\t\t\t\t<span class=\"vc-rmb-preview\">\n\t\t\t\t\tSt\u00e9phane Lemari\u00e9 is an experienced financial executive who brings to Dynacor over 25 years of extensive experience in accounting, auditing and corporate treasury management. A trilingual executive with a multinational...\n\t\t\t\t<\/span>\n\t\t\t\t<span class=\"vc-rmb-extra\">\n\t\t\t\t\t<p>St\u00e9phane Lemari\u00e9 is an experienced financial executive who brings to Dynacor over 25 years of extensive experience in accounting, auditing and corporate treasury management.<\/p>\n<p>A trilingual executive with a multinational focus, Mr. Lemari\u00e9 has a proven track record of delivering results and managing finance teams for publicly held industrial companies. He is an eight-year veteran of Dynacor having joined as Controller and Director of Financial Information in 2017. Prior to Dynacor, he spent three years at MPC (Technicolor) in Montreal where he held the key role of Financial Controller. St\u00e9phane began his career at KPMG in France, serving large industrial clients for 14 years.<\/p>\n<p>St\u00e9phane is a member of the Order of Chartered Professional Accountants of Qu\u00e9bec and holds a DESS (specialized graduate diploma) in accounting, financial and operational auditing from Universit\u00e9 de Grenoble in France.<\/p>\n\t\t\t\t<\/span>\n\t\t\t<\/div>\n           <button class=\"vc-rmb-toggle\" data-read-more=\"Read more&nbsp;&lt;span class=&#039;vc_icon_element-icon fas fa-arrow-down&#039;&gt;&lt;\/span&gt;\" data-show-less=\"Show less&nbsp;&lt;span class=&#039;vc_icon_element-icon fas fa-arrow-up&#039;&gt;&lt;\/span&gt;\">\n\t\t\t\tRead more&nbsp;<span class='vc_icon_element-icon fas fa-arrow-down'><\/span>\t\t\t<\/button>\n        <\/div>\n    <\/div>\n    [\/vc_column][\/vc_row]\n<\/div>","protected":false},"excerpt":{"rendered":"<p>[vc_row][vc_column width=&#8221;1\/2&#8243;][\/vc_column][vc_column width=&#8221;1\/2&#8243;][\/vc_column][\/vc_row]<\/p>\n","protected":false},"author":1,"featured_media":0,"parent":0,"menu_order":0,"comment_status":"closed","ping_status":"closed","template":"","meta":{"footnotes":""},"class_list":["post-98","page","type-page","status-publish","hentry"],"_links":{"self":[{"href":"https:\/\/dynacor.com\/en\/wp-json\/wp\/v2\/pages\/98","targetHints":{"allow":["GET"]}}],"collection":[{"href":"https:\/\/dynacor.com\/en\/wp-json\/wp\/v2\/pages"}],"about":[{"href":"https:\/\/dynacor.com\/en\/wp-json\/wp\/v2\/types\/page"}],"author":[{"embeddable":true,"href":"https:\/\/dynacor.com\/en\/wp-json\/wp\/v2\/users\/1"}],"replies":[{"embeddable":true,"href":"https:\/\/dynacor.com\/en\/wp-json\/wp\/v2\/comments?post=98"}],"version-history":[{"count":9,"href":"https:\/\/dynacor.com\/en\/wp-json\/wp\/v2\/pages\/98\/revisions"}],"predecessor-version":[{"id":12414,"href":"https:\/\/dynacor.com\/en\/wp-json\/wp\/v2\/pages\/98\/revisions\/12414"}],"wp:attachment":[{"href":"https:\/\/dynacor.com\/en\/wp-json\/wp\/v2\/media?parent=98"}],"curies":[{"name":"wp","href":"https:\/\/api.w.org\/{rel}","templated":true}]}}